{"id":506,"date":"2019-07-08T03:36:54","date_gmt":"2019-07-08T08:36:54","guid":{"rendered":"https:\/\/www.lebuinco.com\/\/?page_id=506"},"modified":"2025-01-03T16:41:07","modified_gmt":"2025-01-03T22:41:07","slug":"asesoria","status":"publish","type":"page","link":"https:\/\/www.lebuinco.com\/eng\/asesoria\/","title":{"rendered":"Book a call with an expert"},"content":{"rendered":"<div data-elementor-type=\"wp-page\" data-elementor-id=\"506\" class=\"elementor elementor-506\">\n\t\t\t\t<div class=\"elementor-element elementor-element-cd7f6fb e-flex e-con-boxed e-con e-parent\" data-id=\"cd7f6fb\" data-element_type=\"container\" data-e-type=\"container\" data-settings=\"{&quot;jet_parallax_layout_list&quot;:[],&quot;background_background&quot;:&quot;classic&quot;}\">\n\t\t\t\t\t<div class=\"e-con-inner\">\n\t\t<div class=\"elementor-element elementor-element-1636630 e-con-full e-flex e-con e-child\" data-id=\"1636630\" data-element_type=\"container\" data-e-type=\"container\" data-settings=\"{&quot;jet_parallax_layout_list&quot;:[]}\">\n\t\t\t\t<div class=\"elementor-element elementor-element-4cd728d elementor-widget elementor-widget-heading\" data-id=\"4cd728d\" data-element_type=\"widget\" data-e-type=\"widget\" data-widget_type=\"heading.default\">\n\t\t\t\t<div class=\"elementor-widget-container\">\n\t\t\t\t\t<h2 class=\"elementor-heading-title elementor-size-default\">Book a call with an expert<\/h2>\t\t\t\t<\/div>\n\t\t\t\t<\/div>\n\t\t\t\t<div class=\"elementor-element elementor-element-d9f7b97 elementor-widget__width-initial elementor-widget elementor-widget-text-editor\" data-id=\"d9f7b97\" data-element_type=\"widget\" data-e-type=\"widget\" data-widget_type=\"text-editor.default\">\n\t\t\t\t<div class=\"elementor-widget-container\">\n\t\t\t\t\t\t\t\t\t<p>Our team of experts will guide you through every step of the process, from design to implementation.<\/p>\t\t\t\t\t\t\t\t<\/div>\n\t\t\t\t<\/div>\n\t\t\t\t<div class=\"elementor-element elementor-element-364bc06 elementor-widget__width-initial elementor-icon-list--layout-traditional elementor-list-item-link-full_width elementor-widget elementor-widget-icon-list\" data-id=\"364bc06\" data-element_type=\"widget\" data-e-type=\"widget\" data-widget_type=\"icon-list.default\">\n\t\t\t\t<div class=\"elementor-widget-container\">\n\t\t\t\t\t\t\t<ul class=\"elementor-icon-list-items\">\n\t\t\t\t\t\t\t<li class=\"elementor-icon-list-item\">\n\t\t\t\t\t\t\t\t\t\t\t<span class=\"elementor-icon-list-icon\">\n\t\t\t\t\t\t\t<svg aria-hidden=\"true\" class=\"e-font-icon-svg e-fas-check\" viewbox=\"0 0 512 512\" xmlns=\"http:\/\/www.w3.org\/2000\/svg\"><path d=\"M173.898 439.404l-166.4-166.4c-9.997-9.997-9.997-26.206 0-36.204l36.203-36.204c9.997-9.998 26.207-9.998 36.204 0L192 312.69 432.095 72.596c9.997-9.997 26.207-9.997 36.204 0l36.203 36.204c9.997 9.997 9.997 26.206 0 36.204l-294.4 294.401c-9.998 9.997-26.207 9.997-36.204-.001z\"><\/path><\/svg>\t\t\t\t\t\t<\/span>\n\t\t\t\t\t\t\t\t\t\t<span class=\"elementor-icon-list-text\">Your programmers left your proyect incomplete...<\/span>\n\t\t\t\t\t\t\t\t\t<\/li>\n\t\t\t\t\t\t\t\t<li class=\"elementor-icon-list-item\">\n\t\t\t\t\t\t\t\t\t\t\t<span class=\"elementor-icon-list-icon\">\n\t\t\t\t\t\t\t<svg aria-hidden=\"true\" class=\"e-font-icon-svg e-fas-check\" viewbox=\"0 0 512 512\" xmlns=\"http:\/\/www.w3.org\/2000\/svg\"><path d=\"M173.898 439.404l-166.4-166.4c-9.997-9.997-9.997-26.206 0-36.204l36.203-36.204c9.997-9.998 26.207-9.998 36.204 0L192 312.69 432.095 72.596c9.997-9.997 26.207-9.997 36.204 0l36.203 36.204c9.997 9.997 9.997 26.206 0 36.204l-294.4 294.401c-9.998 9.997-26.207 9.997-36.204-.001z\"><\/path><\/svg>\t\t\t\t\t\t<\/span>\n\t\t\t\t\t\t\t\t\t\t<span class=\"elementor-icon-list-text\">We guide you to see the best option for your business<\/span>\n\t\t\t\t\t\t\t\t\t<\/li>\n\t\t\t\t\t\t\t\t<li class=\"elementor-icon-list-item\">\n\t\t\t\t\t\t\t\t\t\t\t<span class=\"elementor-icon-list-icon\">\n\t\t\t\t\t\t\t<svg aria-hidden=\"true\" class=\"e-font-icon-svg e-fas-check\" viewbox=\"0 0 512 512\" xmlns=\"http:\/\/www.w3.org\/2000\/svg\"><path d=\"M173.898 439.404l-166.4-166.4c-9.997-9.997-9.997-26.206 0-36.204l36.203-36.204c9.997-9.998 26.207-9.998 36.204 0L192 312.69 432.095 72.596c9.997-9.997 26.207-9.997 36.204 0l36.203 36.204c9.997 9.997 9.997 26.206 0 36.204l-294.4 294.401c-9.998 9.997-26.207 9.997-36.204-.001z\"><\/path><\/svg>\t\t\t\t\t\t<\/span>\n\t\t\t\t\t\t\t\t\t\t<span class=\"elementor-icon-list-text\">Step by step to start your website's journey<\/span>\n\t\t\t\t\t\t\t\t\t<\/li>\n\t\t\t\t\t\t\t\t<li class=\"elementor-icon-list-item\">\n\t\t\t\t\t\t\t\t\t\t\t<span class=\"elementor-icon-list-icon\">\n\t\t\t\t\t\t\t<svg aria-hidden=\"true\" class=\"e-font-icon-svg e-fas-check\" viewbox=\"0 0 512 512\" xmlns=\"http:\/\/www.w3.org\/2000\/svg\"><path d=\"M173.898 439.404l-166.4-166.4c-9.997-9.997-9.997-26.206 0-36.204l36.203-36.204c9.997-9.998 26.207-9.998 36.204 0L192 312.69 432.095 72.596c9.997-9.997 26.207-9.997 36.204 0l36.203 36.204c9.997 9.997 9.997 26.206 0 36.204l-294.4 294.401c-9.998 9.997-26.207 9.997-36.204-.001z\"><\/path><\/svg>\t\t\t\t\t\t<\/span>\n\t\t\t\t\t\t\t\t\t\t<span class=\"elementor-icon-list-text\">You have doubts about how it would work for your business<\/span>\n\t\t\t\t\t\t\t\t\t<\/li>\n\t\t\t\t\t\t\t\t<li class=\"elementor-icon-list-item\">\n\t\t\t\t\t\t\t\t\t\t\t<span class=\"elementor-icon-list-icon\">\n\t\t\t\t\t\t\t<svg aria-hidden=\"true\" class=\"e-font-icon-svg e-fas-check\" viewbox=\"0 0 512 512\" xmlns=\"http:\/\/www.w3.org\/2000\/svg\"><path d=\"M173.898 439.404l-166.4-166.4c-9.997-9.997-9.997-26.206 0-36.204l36.203-36.204c9.997-9.998 26.207-9.998 36.204 0L192 312.69 432.095 72.596c9.997-9.997 26.207-9.997 36.204 0l36.203 36.204c9.997 9.997 9.997 26.206 0 36.204l-294.4 294.401c-9.998 9.997-26.207 9.997-36.204-.001z\"><\/path><\/svg>\t\t\t\t\t\t<\/span>\n\t\t\t\t\t\t\t\t\t\t<span class=\"elementor-icon-list-text\">Alternatives and route to develop your website<\/span>\n\t\t\t\t\t\t\t\t\t<\/li>\n\t\t\t\t\t\t\t\t<li class=\"elementor-icon-list-item\">\n\t\t\t\t\t\t\t\t\t\t\t<span class=\"elementor-icon-list-icon\">\n\t\t\t\t\t\t\t<svg aria-hidden=\"true\" class=\"e-font-icon-svg e-fas-check\" viewbox=\"0 0 512 512\" xmlns=\"http:\/\/www.w3.org\/2000\/svg\"><path d=\"M173.898 439.404l-166.4-166.4c-9.997-9.997-9.997-26.206 0-36.204l36.203-36.204c9.997-9.998 26.207-9.998 36.204 0L192 312.69 432.095 72.596c9.997-9.997 26.207-9.997 36.204 0l36.203 36.204c9.997 9.997 9.997 26.206 0 36.204l-294.4 294.401c-9.998 9.997-26.207 9.997-36.204-.001z\"><\/path><\/svg>\t\t\t\t\t\t<\/span>\n\t\t\t\t\t\t\t\t\t\t<span class=\"elementor-icon-list-text\">You already have a page but something is not working<\/span>\n\t\t\t\t\t\t\t\t\t<\/li>\n\t\t\t\t\t\t<\/ul>\n\t\t\t\t\t\t<\/div>\n\t\t\t\t<\/div>\n\t\t\t\t<\/div>\n\t\t<div class=\"elementor-element elementor-element-49a171e e-con-full e-flex e-con e-child\" data-id=\"49a171e\" data-element_type=\"container\" data-e-type=\"container\" data-settings=\"{&quot;jet_parallax_layout_list&quot;:[],&quot;background_background&quot;:&quot;classic&quot;}\">\n\t\t\t\t<div class=\"elementor-element elementor-element-025806e elementor-widget elementor-widget-html\" data-id=\"025806e\" data-element_type=\"widget\" data-e-type=\"widget\" data-widget_type=\"html.default\">\n\t\t\t\t<div class=\"elementor-widget-container\">\n\t\t\t\t\t<!-- Google Calendar Appointment Scheduling begin -->\n<iframe src=\"https:\/\/calendar.google.com\/calendar\/appointments\/schedules\/AcZssZ1kVK60E1Q2ZBO6KulCrMwONq0wGCJInRk9jSqQhb89UU1nykUj069HdcCHXKWz0RYMJlSbRXFK?gv=true\" style=\"border: 0\" width=\"100%\" height=\"1000\" frameborder=\"0\"><\/iframe>\n<!-- end Google Calendar Appointment Scheduling -->\t\t\t\t<\/div>\n\t\t\t\t<\/div>\n\t\t\t\t<\/div>\n\t\t\t\t\t<\/div>\n\t\t\t\t<\/div>\n\t\t\t\t<\/div>","protected":false},"excerpt":{"rendered":"<p>Asesor\u00eda Nuestro equipo de expertos te guiar\u00e1 en cada paso del proceso, desde el dise\u00f1o hasta la implementaci\u00f3n. Tus programadores te dejaron plantado&#8230; Te orientamos a ver la mejor opcion para tu negocio Paso a paso para empezar tu camino web Tienes dudas de c\u00f3mo funcionaria para tu negocio Alternativas y ruta para desarrollar tu [&hellip;]<\/p>\n","protected":false},"author":1,"featured_media":0,"parent":0,"menu_order":0,"comment_status":"closed","ping_status":"closed","template":"full-width.php","meta":{"footnotes":""},"class_list":["post-506","page","type-page","status-publish","hentry"],"yoast_head":"<!-- This site is optimized with the Yoast SEO plugin v27.4 - https:\/\/yoast.com\/product\/yoast-seo-wordpress\/ -->\n<title>Asesor\u00eda - Lebuinco<\/title>\n<meta name=\"robots\" content=\"index, follow, max-snippet:-1, max-image-preview:large, max-video-preview:-1\" \/>\n<link rel=\"canonical\" href=\"https:\/\/www.lebuinco.com\/eng\/asesoria\/\" \/>\n<meta property=\"og:locale\" content=\"en_US\" \/>\n<meta property=\"og:type\" content=\"article\" \/>\n<meta property=\"og:title\" content=\"Asesor\u00eda - Lebuinco\" \/>\n<meta property=\"og:description\" content=\"Asesor\u00eda Nuestro equipo de expertos te guiar\u00e1 en cada paso del proceso, desde el dise\u00f1o hasta la implementaci\u00f3n. Tus programadores te dejaron plantado&#8230; Te orientamos a ver la mejor opcion para tu negocio Paso a paso para empezar tu camino web Tienes dudas de c\u00f3mo funcionaria para tu negocio Alternativas y ruta para desarrollar tu [&hellip;]\" \/>\n<meta property=\"og:url\" content=\"https:\/\/www.lebuinco.com\/eng\/asesoria\/\" \/>\n<meta property=\"og:site_name\" content=\"Lebuinco\" \/>\n<meta property=\"article:modified_time\" content=\"2025-01-03T22:41:07+00:00\" \/>\n<meta name=\"twitter:card\" content=\"summary_large_image\" \/>\n<script type=\"application\/ld+json\" class=\"yoast-schema-graph\">{\"@context\":\"https:\\\/\\\/schema.org\",\"@graph\":[{\"@type\":\"WebPage\",\"@id\":\"https:\\\/\\\/www.lebuinco.com\\\/asesoria\\\/\",\"url\":\"https:\\\/\\\/www.lebuinco.com\\\/asesoria\\\/\",\"name\":\"Asesor\u00eda - Lebuinco\",\"isPartOf\":{\"@id\":\"https:\\\/\\\/www.lebuinco.com\\\/#website\"},\"datePublished\":\"2019-07-08T08:36:54+00:00\",\"dateModified\":\"2025-01-03T22:41:07+00:00\",\"breadcrumb\":{\"@id\":\"https:\\\/\\\/www.lebuinco.com\\\/asesoria\\\/#breadcrumb\"},\"inLanguage\":\"en-US\",\"potentialAction\":[{\"@type\":\"ReadAction\",\"target\":[\"https:\\\/\\\/www.lebuinco.com\\\/asesoria\\\/\"]}]},{\"@type\":\"BreadcrumbList\",\"@id\":\"https:\\\/\\\/www.lebuinco.com\\\/asesoria\\\/#breadcrumb\",\"itemListElement\":[{\"@type\":\"ListItem\",\"position\":1,\"name\":\"Portada\",\"item\":\"https:\\\/\\\/www.lebuinco.com\\\/\"},{\"@type\":\"ListItem\",\"position\":2,\"name\":\"Asesor\u00eda\"}]},{\"@type\":\"WebSite\",\"@id\":\"https:\\\/\\\/www.lebuinco.com\\\/#website\",\"url\":\"https:\\\/\\\/www.lebuinco.com\\\/\",\"name\":\"Lebuinco\",\"description\":\"Agencia de desarrollo web\",\"publisher\":{\"@id\":\"https:\\\/\\\/www.lebuinco.com\\\/#organization\"},\"potentialAction\":[{\"@type\":\"SearchAction\",\"target\":{\"@type\":\"EntryPoint\",\"urlTemplate\":\"https:\\\/\\\/www.lebuinco.com\\\/?s={search_term_string}\"},\"query-input\":{\"@type\":\"PropertyValueSpecification\",\"valueRequired\":true,\"valueName\":\"search_term_string\"}}],\"inLanguage\":\"en-US\"},{\"@type\":\"Organization\",\"@id\":\"https:\\\/\\\/www.lebuinco.com\\\/#organization\",\"name\":\"Lebuinco\",\"url\":\"https:\\\/\\\/www.lebuinco.com\\\/\",\"logo\":{\"@type\":\"ImageObject\",\"inLanguage\":\"en-US\",\"@id\":\"https:\\\/\\\/www.lebuinco.com\\\/#\\\/schema\\\/logo\\\/image\\\/\",\"url\":\"https:\\\/\\\/www.lebuinco.com\\\/wp-content\\\/uploads\\\/2024\\\/10\\\/logo-Lebuinco-night.svg\",\"contentUrl\":\"https:\\\/\\\/www.lebuinco.com\\\/wp-content\\\/uploads\\\/2024\\\/10\\\/logo-Lebuinco-night.svg\",\"width\":147,\"height\":26,\"caption\":\"Lebuinco\"},\"image\":{\"@id\":\"https:\\\/\\\/www.lebuinco.com\\\/#\\\/schema\\\/logo\\\/image\\\/\"},\"sameAs\":[\"https:\\\/\\\/www.instagram.com\\\/lebuinco\\\/\"]}]}<\/script>\n<!-- \/ Yoast SEO plugin. -->","yoast_head_json":{"title":"Asesor\u00eda - Lebuinco","robots":{"index":"index","follow":"follow","max-snippet":"max-snippet:-1","max-image-preview":"max-image-preview:large","max-video-preview":"max-video-preview:-1"},"canonical":"https:\/\/www.lebuinco.com\/eng\/asesoria\/","og_locale":"en_US","og_type":"article","og_title":"Asesor\u00eda - Lebuinco","og_description":"Asesor\u00eda Nuestro equipo de expertos te guiar\u00e1 en cada paso del proceso, desde el dise\u00f1o hasta la implementaci\u00f3n. Tus programadores te dejaron plantado&#8230; Te orientamos a ver la mejor opcion para tu negocio Paso a paso para empezar tu camino web Tienes dudas de c\u00f3mo funcionaria para tu negocio Alternativas y ruta para desarrollar tu [&hellip;]","og_url":"https:\/\/www.lebuinco.com\/eng\/asesoria\/","og_site_name":"Lebuinco","article_modified_time":"2025-01-03T22:41:07+00:00","twitter_card":"summary_large_image","schema":{"@context":"https:\/\/schema.org","@graph":[{"@type":"WebPage","@id":"https:\/\/www.lebuinco.com\/asesoria\/","url":"https:\/\/www.lebuinco.com\/asesoria\/","name":"Asesor\u00eda - Lebuinco","isPartOf":{"@id":"https:\/\/www.lebuinco.com\/#website"},"datePublished":"2019-07-08T08:36:54+00:00","dateModified":"2025-01-03T22:41:07+00:00","breadcrumb":{"@id":"https:\/\/www.lebuinco.com\/asesoria\/#breadcrumb"},"inLanguage":"en-US","potentialAction":[{"@type":"ReadAction","target":["https:\/\/www.lebuinco.com\/asesoria\/"]}]},{"@type":"BreadcrumbList","@id":"https:\/\/www.lebuinco.com\/asesoria\/#breadcrumb","itemListElement":[{"@type":"ListItem","position":1,"name":"Portada","item":"https:\/\/www.lebuinco.com\/"},{"@type":"ListItem","position":2,"name":"Asesor\u00eda"}]},{"@type":"WebSite","@id":"https:\/\/www.lebuinco.com\/#website","url":"https:\/\/www.lebuinco.com\/","name":"Lebuinco","description":"Website development agency","publisher":{"@id":"https:\/\/www.lebuinco.com\/#organization"},"potentialAction":[{"@type":"SearchAction","target":{"@type":"EntryPoint","urlTemplate":"https:\/\/www.lebuinco.com\/?s={search_term_string}"},"query-input":{"@type":"PropertyValueSpecification","valueRequired":true,"valueName":"search_term_string"}}],"inLanguage":"en-US"},{"@type":"Organization","@id":"https:\/\/www.lebuinco.com\/#organization","name":"Lebuinco","url":"https:\/\/www.lebuinco.com\/","logo":{"@type":"ImageObject","inLanguage":"en-US","@id":"https:\/\/www.lebuinco.com\/#\/schema\/logo\/image\/","url":"https:\/\/www.lebuinco.com\/wp-content\/uploads\/2024\/10\/logo-Lebuinco-night.svg","contentUrl":"https:\/\/www.lebuinco.com\/wp-content\/uploads\/2024\/10\/logo-Lebuinco-night.svg","width":147,"height":26,"caption":"Lebuinco"},"image":{"@id":"https:\/\/www.lebuinco.com\/#\/schema\/logo\/image\/"},"sameAs":["https:\/\/www.instagram.com\/lebuinco\/"]}]}},"_links":{"self":[{"href":"https:\/\/www.lebuinco.com\/eng\/wp-json\/wp\/v2\/pages\/506","targetHints":{"allow":["GET"]}}],"collection":[{"href":"https:\/\/www.lebuinco.com\/eng\/wp-json\/wp\/v2\/pages"}],"about":[{"href":"https:\/\/www.lebuinco.com\/eng\/wp-json\/wp\/v2\/types\/page"}],"author":[{"embeddable":true,"href":"https:\/\/www.lebuinco.com\/eng\/wp-json\/wp\/v2\/users\/1"}],"replies":[{"embeddable":true,"href":"https:\/\/www.lebuinco.com\/eng\/wp-json\/wp\/v2\/comments?post=506"}],"version-history":[{"count":5,"href":"https:\/\/www.lebuinco.com\/eng\/wp-json\/wp\/v2\/pages\/506\/revisions"}],"predecessor-version":[{"id":8228,"href":"https:\/\/www.lebuinco.com\/eng\/wp-json\/wp\/v2\/pages\/506\/revisions\/8228"}],"wp:attachment":[{"href":"https:\/\/www.lebuinco.com\/eng\/wp-json\/wp\/v2\/media?parent=506"}],"curies":[{"name":"wp","href":"https:\/\/api.w.org\/{rel}","templated":true}]}}